{"id":504,"date":"2017-01-02T01:38:41","date_gmt":"2017-01-02T00:38:41","guid":{"rendered":"https:\/\/www.hitairiberica.com\/garantia-tres\/?page_id=504"},"modified":"2017-01-02T23:52:24","modified_gmt":"2017-01-02T22:52:24","slug":"terminos-condiciones-la-garantia","status":"publish","type":"page","link":"https:\/\/www.hitairiberica.com\/garantia-tres\/terminos-condiciones-la-garantia\/","title":{"rendered":"Terminos y Condiciones de la Garant\u00eda"},"content":{"rendered":"<h1>GARANT\u00cdA PLUS 3 A\u00d1OS<\/h1>\n<p>Esta garant\u00eda es exclusiva de Hit Air Ib\u00e9rica, S.L.<\/p>\n<h2>Condiciones de esta garant\u00eda:<\/h2>\n<ul>\n<li>FECHA DE INICIO: ser\u00e1 la fecha de compra del producto.<\/li>\n<li>INCLUYE: las mismas condiciones que la garant\u00eda legal durante 3 a\u00f1os.<\/li>\n<li>GARANT\u00cdA DE RECOMPRA: En caso de accidente y rotura de la prenda, con la compra de otra prenda nueva igual o equivalente, garantizamos la recompra de la prenda rota en un valor equivalente al 30% del valor de la factura inicial.<\/li>\n<\/ul>\n<h2>Activaci\u00f3n y ejecuci\u00f3n de esta garant\u00eda:<\/h2>\n<ul>\n<li>Es imprescindible para la activaci\u00f3n de esta garant\u00eda darse de alta en la siguiente url de nuestra web:<\/li>\n<li>http:\/\/hitairiberica.com\/garant\u00eda-tres\/ y rellenar todos los datos, incluyendo el n\u00famero de serie de la prenda que se encuentra en este documento.<\/li>\n<li>Para ejecutar la siguiente garant\u00eda ser\u00e1 imprescindible la presentaci\u00f3n de la factura de origen.<\/li>\n<\/ul>\n<h2>MUY IMPORTANTE<\/h2>\n<ul>\n<li>La falta de ejecuci\u00f3n de alguna de las instrucciones de este documento ser\u00e1n motivo de la invalidaci\u00f3n de esta garant\u00eda.<\/li>\n<\/ul>\n","protected":false},"excerpt":{"rendered":"<p>GARANT\u00cdA PLUS 3 A\u00d1OS Esta garant\u00eda es exclusiva de Hit Air Ib\u00e9rica, S.L. Condiciones de esta garant\u00eda: FECHA DE INICIO: ser\u00e1 la fecha de compra del producto. INCLUYE: las mismas condiciones que la garant\u00eda legal durante 3 a\u00f1os. GARANT\u00cdA DE RECOMPRA: En caso de accidente y rotura de la prenda, con la compra de otra [&hellip;]<\/p>\n","protected":false},"author":1,"featured_media":0,"parent":0,"menu_order":0,"comment_status":"closed","ping_status":"closed","template":"","meta":[],"_links":{"self":[{"href":"https:\/\/www.hitairiberica.com\/garantia-tres\/wp-json\/wp\/v2\/pages\/504"}],"collection":[{"href":"https:\/\/www.hitairiberica.com\/garantia-tres\/wp-json\/wp\/v2\/pages"}],"about":[{"href":"https:\/\/www.hitairiberica.com\/garantia-tres\/wp-json\/wp\/v2\/types\/page"}],"author":[{"embeddable":true,"href":"https:\/\/www.hitairiberica.com\/garantia-tres\/wp-json\/wp\/v2\/users\/1"}],"replies":[{"embeddable":true,"href":"https:\/\/www.hitairiberica.com\/garantia-tres\/wp-json\/wp\/v2\/comments?post=504"}],"version-history":[{"count":0,"href":"https:\/\/www.hitairiberica.com\/garantia-tres\/wp-json\/wp\/v2\/pages\/504\/revisions"}],"wp:attachment":[{"href":"https:\/\/www.hitairiberica.com\/garantia-tres\/wp-json\/wp\/v2\/media?parent=504"}],"curies":[{"name":"wp","href":"https:\/\/api.w.org\/{rel}","templated":true}]}}